{"id":19984,"date":"2019-04-01T05:36:56","date_gmt":"2019-04-01T05:36:56","guid":{"rendered":"https:\/\/www.dafz.ae\/business-space\/retail-space\/"},"modified":"2025-08-26T12:20:05","modified_gmt":"2025-08-26T08:20:05","slug":"retail-space","status":"publish","type":"page","link":"https:\/\/www.dafz.ae\/de\/business-space\/retail-space","title":{"rendered":"Retail Space"},"content":{"rendered":"\t\t<div data-elementor-type=\"wp-post\" data-elementor-id=\"19984\" class=\"elementor elementor-19984\" data-elementor-post-type=\"page\">\n\t\t\t\t\t\t<section class=\"elementor-section elementor-top-section elementor-element elementor-element-34579ed5 elementor-section-stretched elementor-section-boxed elementor-section-height-default elementor-section-height-default\" data-id=\"34579ed5\" data-element_type=\"section\" data-settings=\"{&quot;stretch_section&quot;:&quot;section-stretched&quot;,&quot;background_background&quot;:&quot;classic&quot;}\">\n\t\t\t\t\t\t<div class=\"elementor-container elementor-column-gap-default\">\n\t\t\t\t\t<div class=\"elementor-column elementor-col-100 elementor-top-column elementor-element elementor-element-2694a10f\" data-id=\"2694a10f\" data-element_type=\"column\">\n\t\t\t<div class=\"elementor-widget-wrap elementor-element-populated\">\n\t\t\t\t\t\t<div class=\"elementor-element elementor-element-45a05c1f elementor-widget elementor-widget-heading\" data-id=\"45a05c1f\" data-element_type=\"widget\" data-widget_type=\"heading.default\">\n\t\t\t\t<div class=\"elementor-widget-container\">\n\t\t\t<h1 class=\"elementor-heading-title elementor-size-default\">VERKAUFSFL\u00c4CHE\n<\/h1>\t\t<\/div>\n\t\t\t\t<\/div>\n\t\t\t\t\t<\/div>\n\t\t<\/div>\n\t\t\t\t\t<\/div>\n\t\t<\/section>\n\t\t\t\t<section class=\"elementor-section elementor-top-section elementor-element elementor-element-46a37698 elementor-section-boxed elementor-section-height-default elementor-section-height-default\" data-id=\"46a37698\" data-element_type=\"section\">\n\t\t\t\t\t\t<div class=\"elementor-container elementor-column-gap-default\">\n\t\t\t\t\t<div class=\"elementor-column elementor-col-50 elementor-top-column elementor-element elementor-element-35eb633a elementor-hidden-phone\" data-id=\"35eb633a\" data-element_type=\"column\">\n\t\t\t<div class=\"elementor-widget-wrap elementor-element-populated\">\n\t\t\t\t\t\t<div class=\"elementor-element elementor-element-4557cdd6 elementor-widget elementor-widget-sidebar\" data-id=\"4557cdd6\" data-element_type=\"widget\" data-widget_type=\"sidebar.default\">\n\t\t\t\t<div class=\"elementor-widget-container\">\n\t\t\t<div id=\"text-24\" class=\"widget widget_text\">\t\t\t<div class=\"textwidget\">&nbsp;\n<div class=\"dafzsidenav\">\n\n<a style=\"color: #4b4b4b;\" href=\"https:\/\/www.dafz.ae\/de\/business-setup\/\">FIRMENGR\u00dcNDUNG<\/a>\n\n<hr style=\"padding-bottom: 15px; margin-bottom: 15px; color: #dedede;\" \/>\n\n\n<ul>\n<li>\n<a style=\"color: #4b4b4b;\" href=\"https:\/\/www.dafz.ae\/de\/business-space\/\"><strong>GESCH\u00c4FTSRAUM<\/strong><\/a>\n<\/li>\n \t<li><a style=\"color: #4b4b4b;\" href=\"https:\/\/www.dafz.ae\/de\/business-space\/offices\/\">B\u00dcROR\u00c4UME<\/a><\/li>\n \t\n \t<li><a style=\"color: #4b4b4b;\" href=\"https:\/\/www.dafz.ae\/de\/business-space\/dafza-industrial-park\/\">DAFZA INDUSTRIEPARK<\/a><\/li>\n \t<li><a style=\"color: #4b4b4b;\" href=\"https:\/\/www.dafz.ae\/de\/business-space\/retail-space\/\">VERKAUFSFL\u00c4CHE<\/a><\/li>\n\n<hr style=\"padding-bottom: 10px; margin-bottom: 15px; color: #dedede;\" \/>\n\n<a style=\"color: #4b4b4b;\" href=\"https:\/\/webtest.dafz.ae\/de\/business-setup-services\/\"> DIENSTLEISTUNGEN <\/a>\n<\/ul>\n\n<\/div><\/div>\n\t\t<\/div>\t\t<\/div>\n\t\t\t\t<\/div>\n\t\t\t\t\t<\/div>\n\t\t<\/div>\n\t\t\t\t<div class=\"elementor-column elementor-col-50 elementor-top-column elementor-element elementor-element-3915811d\" data-id=\"3915811d\" data-element_type=\"column\">\n\t\t\t<div class=\"elementor-widget-wrap elementor-element-populated\">\n\t\t\t\t\t\t<section class=\"elementor-section elementor-inner-section elementor-element elementor-element-1006865b elementor-section-boxed elementor-section-height-default elementor-section-height-default\" data-id=\"1006865b\" data-element_type=\"section\">\n\t\t\t\t\t\t<div class=\"elementor-container elementor-column-gap-default\">\n\t\t\t\t\t<div class=\"elementor-column elementor-col-100 elementor-inner-column elementor-element elementor-element-453ca4f\" data-id=\"453ca4f\" data-element_type=\"column\">\n\t\t\t<div class=\"elementor-widget-wrap elementor-element-populated\">\n\t\t\t\t\t\t<div class=\"elementor-element elementor-element-7109484a elementor-widget elementor-widget-heading\" data-id=\"7109484a\" data-element_type=\"widget\" data-widget_type=\"heading.default\">\n\t\t\t\t<div class=\"elementor-widget-container\">\n\t\t\t<h2 class=\"elementor-heading-title elementor-size-default\">DAFZ SQUARE EINZELHANDELSZENTRUM\n<\/h2>\t\t<\/div>\n\t\t\t\t<\/div>\n\t\t\t\t<div class=\"elementor-element elementor-element-3036ea4b elementor-widget-divider--view-line elementor-widget elementor-widget-divider\" data-id=\"3036ea4b\" data-element_type=\"widget\" data-widget_type=\"divider.default\">\n\t\t\t\t<div class=\"elementor-widget-container\">\n\t\t\t\t\t<div class=\"elementor-divider\">\n\t\t\t<span class=\"elementor-divider-separator\">\n\t\t\t\t\t\t<\/span>\n\t\t<\/div>\n\t\t\t\t<\/div>\n\t\t\t\t<\/div>\n\t\t\t\t<div class=\"elementor-element elementor-element-6bc8a41d elementor-widget elementor-widget-text-editor\" data-id=\"6bc8a41d\" data-element_type=\"widget\" data-widget_type=\"text-editor.default\">\n\t\t\t\t<div class=\"elementor-widget-container\">\n\t\t\t\t\t\t\t<p>Die lebhafte Gemeinschaft bei DAFZ wird durch mehr als 15.000 berufst\u00e4tige Fachleute und 1.000 Besucher t\u00e4glich begr\u00fcndet: Wir verf\u00fcgen \u00fcber ausreichend Parkpl\u00e4tze und hohe Besucherzahlen, dies l\u00e4sst uns zu einer goldenen Gelegenheit f\u00fcr Einzelhandelsunternehmen werden.<\/p><p>Das DAFZ Square Einzelhandelszentrum ist auf neuestem Stand mit weltklasse Design und wurde errichtet, um die Funktionalit\u00e4t zu maximieren. Von Pop-up Leasingm\u00f6glichkeiten bis hin zu permanenten Einzelhandelsfl\u00e4chen: Wir bieten ein gro\u00dfes Spektrum an Raum und R\u00e4umlichkeiten, die Ihren Gesch\u00e4ftsanforderungen gerecht werden und wir bieten herausragende Darstellungsm\u00f6glichkeiten f\u00fcr Ihre Marke.<\/p>\t\t\t\t\t\t<\/div>\n\t\t\t\t<\/div>\n\t\t\t\t\t<\/div>\n\t\t<\/div>\n\t\t\t\t\t<\/div>\n\t\t<\/section>\n\t\t\t\t<section class=\"elementor-section elementor-inner-section elementor-element elementor-element-7e73bc27 elementor-section-boxed elementor-section-height-default elementor-section-height-default\" data-id=\"7e73bc27\" data-element_type=\"section\">\n\t\t\t\t\t\t<div class=\"elementor-container elementor-column-gap-default\">\n\t\t\t\t\t<div class=\"elementor-column elementor-col-100 elementor-inner-column elementor-element elementor-element-505cc472\" data-id=\"505cc472\" data-element_type=\"column\">\n\t\t\t<div class=\"elementor-widget-wrap elementor-element-populated\">\n\t\t\t\t\t\t<div class=\"elementor-element elementor-element-1fcc67a6 elementor-widget-divider--view-line elementor-widget elementor-widget-divider\" data-id=\"1fcc67a6\" data-element_type=\"widget\" data-widget_type=\"divider.default\">\n\t\t\t\t<div class=\"elementor-widget-container\">\n\t\t\t\t\t<div class=\"elementor-divider\">\n\t\t\t<span class=\"elementor-divider-separator\">\n\t\t\t\t\t\t<\/span>\n\t\t<\/div>\n\t\t\t\t<\/div>\n\t\t\t\t<\/div>\n\t\t\t\t<div class=\"elementor-element elementor-element-4b6c60de elementor-widget elementor-widget-image\" data-id=\"4b6c60de\" data-element_type=\"widget\" data-widget_type=\"image.default\">\n\t\t\t\t<div class=\"elementor-widget-container\">\n\t\t\t\t\t\t\t\t\t\t\t\t\t<img decoding=\"async\" src=\"\/wp-content\/uploads\/2020\/01\/dafza-retail-space.jpg\" title=\"dafza-retail-space\" alt=\"Retail space for rent by DAFZA\" loading=\"lazy\" \/>\t\t\t\t\t\t\t\t\t\t\t\t\t<\/div>\n\t\t\t\t<\/div>\n\t\t\t\t\t<\/div>\n\t\t<\/div>\n\t\t\t\t\t<\/div>\n\t\t<\/section>\n\t\t\t\t\t<\/div>\n\t\t<\/div>\n\t\t\t\t\t<\/div>\n\t\t<\/section>\n\t\t\t\t<section class=\"elementor-section elementor-top-section elementor-element elementor-element-2b62ee96 elementor-section-boxed elementor-section-height-default elementor-section-height-default\" data-id=\"2b62ee96\" data-element_type=\"section\" data-settings=\"{&quot;background_background&quot;:&quot;gradient&quot;}\">\n\t\t\t\t\t\t<div class=\"elementor-container elementor-column-gap-default\">\n\t\t\t\t\t<div class=\"elementor-column elementor-col-100 elementor-top-column elementor-element elementor-element-4994d52b\" data-id=\"4994d52b\" data-element_type=\"column\">\n\t\t\t<div class=\"elementor-widget-wrap elementor-element-populated\">\n\t\t\t\t\t\t<section class=\"elementor-section elementor-inner-section elementor-element elementor-element-e53cdf6 elementor-section-boxed elementor-section-height-default elementor-section-height-default\" data-id=\"e53cdf6\" data-element_type=\"section\">\n\t\t\t\t\t\t<div class=\"elementor-container elementor-column-gap-default\">\n\t\t\t\t\t<div class=\"elementor-column elementor-col-50 elementor-inner-column elementor-element elementor-element-f7844c7\" data-id=\"f7844c7\" data-element_type=\"column\">\n\t\t\t<div class=\"elementor-widget-wrap elementor-element-populated\">\n\t\t\t\t\t\t<div class=\"elementor-element elementor-element-5c710169 elementor-widget elementor-widget-heading\" data-id=\"5c710169\" data-element_type=\"widget\" data-widget_type=\"heading.default\">\n\t\t\t\t<div class=\"elementor-widget-container\">\n\t\t\t<h2 class=\"elementor-heading-title elementor-size-default\">ERFAHREN SIE MEHR, WIE SIE NOCH HEUTE TEIL EINES HERAUSRAGENDEN EINZELHANDELSBEREICHS WERDEN K\u00d6NNEN!\n<\/h2>\t\t<\/div>\n\t\t\t\t<\/div>\n\t\t\t\t<div class=\"elementor-element elementor-element-551245f8 elementor-widget elementor-widget-text-editor\" data-id=\"551245f8\" data-element_type=\"widget\" data-widget_type=\"text-editor.default\">\n\t\t\t\t<div class=\"elementor-widget-container\">\n\t\t\t\t\t\t\t<p>F\u00fcr weitere Informationen, Besichtigungen oder Buchungen, rufen Sie uns noch heute an unter der Rufnummer: +971600532392.<\/p>\t\t\t\t\t\t<\/div>\n\t\t\t\t<\/div>\n\t\t\t\t\t<\/div>\n\t\t<\/div>\n\t\t\t\t<div class=\"elementor-column elementor-col-50 elementor-inner-column elementor-element elementor-element-261214fe\" data-id=\"261214fe\" data-element_type=\"column\">\n\t\t\t<div class=\"elementor-widget-wrap elementor-element-populated\">\n\t\t\t\t\t\t<div class=\"elementor-element elementor-element-2e4c0f46 elementor-widget elementor-widget-button\" data-id=\"2e4c0f46\" data-element_type=\"widget\" data-widget_type=\"button.default\">\n\t\t\t\t<div class=\"elementor-widget-container\">\n\t\t\t\t\t<div class=\"elementor-button-wrapper\">\n\t\t\t<a class=\"elementor-button elementor-button-link elementor-size-sm\" href=\"https:\/\/www.dafz.ae\/de\/contact-us\/#make-an-enquiry?page=retail_space\">\n\t\t\t\t\t\t<span class=\"elementor-button-content-wrapper\">\n\t\t\t\t\t\t<span class=\"elementor-button-icon elementor-align-icon-right\">\n\t\t\t\t<i aria-hidden=\"true\" class=\"fas fa-chevron-right\"><\/i>\t\t\t<\/span>\n\t\t\t\t\t\t\t\t\t<span class=\"elementor-button-text\">Eine Anfrage stellen<\/span>\n\t\t\t\t\t<\/span>\n\t\t\t\t\t<\/a>\n\t\t<\/div>\n\t\t\t\t<\/div>\n\t\t\t\t<\/div>\n\t\t\t\t\t<\/div>\n\t\t<\/div>\n\t\t\t\t\t<\/div>\n\t\t<\/section>\n\t\t\t\t\t<\/div>\n\t\t<\/div>\n\t\t\t\t\t<\/div>\n\t\t<\/section>\n\t\t\t\t<section class=\"elementor-section elementor-top-section elementor-element elementor-element-686cffd4 elementor-section-stretched elementor-section-boxed elementor-section-height-default elementor-section-height-default\" data-id=\"686cffd4\" data-element_type=\"section\" data-settings=\"{&quot;background_background&quot;:&quot;classic&quot;,&quot;stretch_section&quot;:&quot;section-stretched&quot;}\">\n\t\t\t\t\t\t<div class=\"elementor-container elementor-column-gap-default\">\n\t\t\t\t\t<div class=\"elementor-column elementor-col-100 elementor-top-column elementor-element elementor-element-5373a787\" data-id=\"5373a787\" data-element_type=\"column\">\n\t\t\t<div class=\"elementor-widget-wrap elementor-element-populated\">\n\t\t\t\t\t\t<div class=\"elementor-element elementor-element-409b7417 elementor-widget elementor-widget-heading\" data-id=\"409b7417\" data-element_type=\"widget\" data-widget_type=\"heading.default\">\n\t\t\t\t<div class=\"elementor-widget-container\">\n\t\t\t<h2 class=\"elementor-heading-title elementor-size-default\">DAFZ EINZELHANDELSFL\u00c4CHE BETRACHTEN\n<\/h2>\t\t<\/div>\n\t\t\t\t<\/div>\n\t\t\t\t<div class=\"elementor-element elementor-element-6e604910 elementor-widget-divider--view-line elementor-widget elementor-widget-divider\" data-id=\"6e604910\" data-element_type=\"widget\" data-widget_type=\"divider.default\">\n\t\t\t\t<div class=\"elementor-widget-container\">\n\t\t\t\t\t<div class=\"elementor-divider\">\n\t\t\t<span class=\"elementor-divider-separator\">\n\t\t\t\t\t\t<\/span>\n\t\t<\/div>\n\t\t\t\t<\/div>\n\t\t\t\t<\/div>\n\t\t\t\t<div class=\"elementor-element elementor-element-3403eb04 elementor-widget elementor-widget-video\" data-id=\"3403eb04\" data-element_type=\"widget\" data-settings=\"{&quot;youtube_url&quot;:&quot;https:\\\/\\\/youtu.be\\\/qS6xLXpIN3c&quot;,&quot;video_type&quot;:&quot;youtube&quot;,&quot;controls&quot;:&quot;yes&quot;}\" data-widget_type=\"video.default\">\n\t\t\t\t<div class=\"elementor-widget-container\">\n\t\t\t\t\t<div class=\"elementor-wrapper elementor-open-inline\">\n\t\t\t<div class=\"elementor-video\"><\/div>\t\t<\/div>\n\t\t\t\t<\/div>\n\t\t\t\t<\/div>\n\t\t\t\t\t<\/div>\n\t\t<\/div>\n\t\t\t\t\t<\/div>\n\t\t<\/section>\n\t\t\t\t<\/div>\n\t\t","protected":false},"excerpt":{"rendered":"<p>VERKAUFSFL\u00c4CHE DAFZ SQUARE EINZELHANDELSZENTRUM Die lebhafte Gemeinschaft bei DAFZ wird durch mehr als 15.000 berufst\u00e4tige Fachleute und 1.000 Besucher t\u00e4glich begr\u00fcndet: Wir verf\u00fcgen \u00fcber ausreichend Parkpl\u00e4tze und hohe Besucherzahlen, dies l\u00e4sst uns zu einer goldenen Gelegenheit f\u00fcr Einzelhandelsunternehmen werden. Das DAFZ Square Einzelhandelszentrum ist auf neuestem Stand mit weltklasse Design und wurde errichtet, um die&#8230;<\/p>\n","protected":false},"author":17,"featured_media":0,"parent":19926,"menu_order":0,"comment_status":"closed","ping_status":"closed","template":"","meta":[],"yoast_head":"<!-- This site is optimized with the Yoast SEO plugin v20.8 - https:\/\/yoast.com\/wordpress\/plugins\/seo\/ -->\n<title>Retail Space For New Business Setup in DAFZA - Explore more<\/title>\n<meta name=\"description\" content=\"With 15,000 working professionals and 1,000 daily visitors, with ample parking and a high footfall, DAFZA provides a golden opportunity for your retail businesses.\" \/>\n<meta name=\"robots\" content=\"index, follow, max-snippet:-1, max-image-preview:large, max-video-preview:-1\" \/>\n<link rel=\"canonical\" href=\"https:\/\/www.dafz.ae\/de\/business-space\/retail-space\" \/>\n<meta property=\"og:locale\" content=\"de_DE\" \/>\n<meta property=\"og:type\" content=\"article\" \/>\n<meta property=\"og:title\" content=\"Retail Space For New Business Setup in DAFZA - Explore more\" \/>\n<meta property=\"og:description\" content=\"With 15,000 working professionals and 1,000 daily visitors, with ample parking and a high footfall, DAFZA provides a golden opportunity for your retail businesses.\" \/>\n<meta property=\"og:url\" content=\"https:\/\/www.dafz.ae\/de\/business-space\/retail-space\" \/>\n<meta property=\"og:site_name\" content=\"Free Zones in Dubai, Dubai Airport Freezone, UAE Tax Free Zone | DAFZ\" \/>\n<meta property=\"article:publisher\" content=\"https:\/\/www.facebook.com\/DAFZAOfficial\/\" \/>\n<meta property=\"article:modified_time\" content=\"2025-08-26T08:20:05+00:00\" \/>\n<meta name=\"twitter:card\" content=\"summary_large_image\" \/>\n<meta name=\"twitter:site\" content=\"@DAFZAOfficial\" \/>\n<meta name=\"twitter:label1\" content=\"Gesch\u00e4tzte Lesezeit\" \/>\n\t<meta name=\"twitter:data1\" content=\"2\u00a0Minuten\" \/>\n<script type=\"application\/ld+json\" class=\"yoast-schema-graph\">{\"@context\":\"https:\/\/schema.org\",\"@graph\":[{\"@type\":\"WebPage\",\"@id\":\"https:\/\/www.dafz.ae\/de\/business-space\/retail-space\",\"url\":\"https:\/\/www.dafz.ae\/de\/business-space\/retail-space\",\"name\":\"Retail Space For New Business Setup in DAFZA - Explore more\",\"isPartOf\":{\"@id\":\"https:\/\/www.dafz.ae\/ar\/#website\"},\"datePublished\":\"2019-04-01T05:36:56+00:00\",\"dateModified\":\"2025-08-26T08:20:05+00:00\",\"description\":\"With 15,000 working professionals and 1,000 daily visitors, with ample parking and a high footfall, DAFZA provides a golden opportunity for your retail businesses.\",\"breadcrumb\":{\"@id\":\"https:\/\/www.dafz.ae\/de\/business-space\/retail-space#breadcrumb\"},\"inLanguage\":\"de\",\"potentialAction\":[{\"@type\":\"ReadAction\",\"target\":[\"https:\/\/www.dafz.ae\/de\/business-space\/retail-space\"]}]},{\"@type\":\"BreadcrumbList\",\"@id\":\"https:\/\/www.dafz.ae\/de\/business-space\/retail-space#breadcrumb\",\"itemListElement\":[{\"@type\":\"ListItem\",\"position\":1,\"name\":\"Home\",\"item\":\"https:\/\/www.dafz.ae\/en\"},{\"@type\":\"ListItem\",\"position\":2,\"name\":\"BUSINESS SPACE\",\"item\":\"https:\/\/www.dafz.ae\/de\/business-space\"},{\"@type\":\"ListItem\",\"position\":3,\"name\":\"Retail Space\"}]},{\"@type\":\"WebSite\",\"@id\":\"https:\/\/www.dafz.ae\/ar\/#website\",\"url\":\"https:\/\/www.dafz.ae\/ar\/\",\"name\":\"Free Zones in Dubai, Dubai Airport Freezone, UAE Tax Free Zone | DAFZ\",\"description\":\"Dubai Airport Free Zone\",\"publisher\":{\"@id\":\"https:\/\/www.dafz.ae\/ar\/#organization\"},\"potentialAction\":[{\"@type\":\"SearchAction\",\"target\":{\"@type\":\"EntryPoint\",\"urlTemplate\":\"https:\/\/www.dafz.ae\/ar\/?s={search_term_string}\"},\"query-input\":\"required name=search_term_string\"}],\"inLanguage\":\"de\"},{\"@type\":\"Organization\",\"@id\":\"https:\/\/www.dafz.ae\/ar\/#organization\",\"name\":\"Dubai Airport Freezone Authority\",\"url\":\"https:\/\/www.dafz.ae\/ar\/\",\"logo\":{\"@type\":\"ImageObject\",\"inLanguage\":\"de\",\"@id\":\"https:\/\/www.dafz.ae\/ar\/#\/schema\/logo\/image\/\",\"url\":\"\/wp-content\/uploads\/2019\/04\/dafza-logo-svg-1.svg\",\"contentUrl\":\"\/wp-content\/uploads\/2019\/04\/dafza-logo-svg-1.svg\",\"width\":\"1024\",\"height\":\"1024\",\"caption\":\"Dubai Airport Freezone Authority\"},\"image\":{\"@id\":\"https:\/\/www.dafz.ae\/ar\/#\/schema\/logo\/image\/\"},\"sameAs\":[\"https:\/\/www.facebook.com\/DAFZAOfficial\/\",\"https:\/\/twitter.com\/DAFZAOfficial\",\"https:\/\/www.instagram.com\/dafzofficial\/\"]}]}<\/script>\n<!-- \/ Yoast SEO plugin. -->","yoast_head_json":{"title":"Retail Space For New Business Setup in DAFZA - Explore more","description":"With 15,000 working professionals and 1,000 daily visitors, with ample parking and a high footfall, DAFZA provides a golden opportunity for your retail businesses.","robots":{"index":"index","follow":"follow","max-snippet":"max-snippet:-1","max-image-preview":"max-image-preview:large","max-video-preview":"max-video-preview:-1"},"canonical":"https:\/\/www.dafz.ae\/de\/business-space\/retail-space","og_locale":"de_DE","og_type":"article","og_title":"Retail Space For New Business Setup in DAFZA - Explore more","og_description":"With 15,000 working professionals and 1,000 daily visitors, with ample parking and a high footfall, DAFZA provides a golden opportunity for your retail businesses.","og_url":"https:\/\/www.dafz.ae\/de\/business-space\/retail-space","og_site_name":"Free Zones in Dubai, Dubai Airport Freezone, UAE Tax Free Zone | DAFZ","article_publisher":"https:\/\/www.facebook.com\/DAFZAOfficial\/","article_modified_time":"2025-08-26T08:20:05+00:00","twitter_card":"summary_large_image","twitter_site":"@DAFZAOfficial","twitter_misc":{"Gesch\u00e4tzte Lesezeit":"2\u00a0Minuten"},"schema":{"@context":"https:\/\/schema.org","@graph":[{"@type":"WebPage","@id":"https:\/\/www.dafz.ae\/de\/business-space\/retail-space","url":"https:\/\/www.dafz.ae\/de\/business-space\/retail-space","name":"Retail Space For New Business Setup in DAFZA - Explore more","isPartOf":{"@id":"https:\/\/www.dafz.ae\/ar\/#website"},"datePublished":"2019-04-01T05:36:56+00:00","dateModified":"2025-08-26T08:20:05+00:00","description":"With 15,000 working professionals and 1,000 daily visitors, with ample parking and a high footfall, DAFZA provides a golden opportunity for your retail businesses.","breadcrumb":{"@id":"https:\/\/www.dafz.ae\/de\/business-space\/retail-space#breadcrumb"},"inLanguage":"de","potentialAction":[{"@type":"ReadAction","target":["https:\/\/www.dafz.ae\/de\/business-space\/retail-space"]}]},{"@type":"BreadcrumbList","@id":"https:\/\/www.dafz.ae\/de\/business-space\/retail-space#breadcrumb","itemListElement":[{"@type":"ListItem","position":1,"name":"Home","item":"https:\/\/www.dafz.ae\/en"},{"@type":"ListItem","position":2,"name":"BUSINESS SPACE","item":"https:\/\/www.dafz.ae\/de\/business-space"},{"@type":"ListItem","position":3,"name":"Retail Space"}]},{"@type":"WebSite","@id":"https:\/\/www.dafz.ae\/ar\/#website","url":"https:\/\/www.dafz.ae\/ar\/","name":"Free Zones in Dubai, Dubai Airport Freezone, UAE Tax Free Zone | DAFZ","description":"Dubai Airport Free Zone","publisher":{"@id":"https:\/\/www.dafz.ae\/ar\/#organization"},"potentialAction":[{"@type":"SearchAction","target":{"@type":"EntryPoint","urlTemplate":"https:\/\/www.dafz.ae\/ar\/?s={search_term_string}"},"query-input":"required name=search_term_string"}],"inLanguage":"de"},{"@type":"Organization","@id":"https:\/\/www.dafz.ae\/ar\/#organization","name":"Dubai Airport Freezone Authority","url":"https:\/\/www.dafz.ae\/ar\/","logo":{"@type":"ImageObject","inLanguage":"de","@id":"https:\/\/www.dafz.ae\/ar\/#\/schema\/logo\/image\/","url":"\/wp-content\/uploads\/2019\/04\/dafza-logo-svg-1.svg","contentUrl":"\/wp-content\/uploads\/2019\/04\/dafza-logo-svg-1.svg","width":"1024","height":"1024","caption":"Dubai Airport Freezone Authority"},"image":{"@id":"https:\/\/www.dafz.ae\/ar\/#\/schema\/logo\/image\/"},"sameAs":["https:\/\/www.facebook.com\/DAFZAOfficial\/","https:\/\/twitter.com\/DAFZAOfficial","https:\/\/www.instagram.com\/dafzofficial\/"]}]}},"_links":{"self":[{"href":"https:\/\/www.dafz.ae\/de\/wp-json\/wp\/v2\/pages\/19984"}],"collection":[{"href":"https:\/\/www.dafz.ae\/de\/wp-json\/wp\/v2\/pages"}],"about":[{"href":"https:\/\/www.dafz.ae\/de\/wp-json\/wp\/v2\/types\/page"}],"author":[{"embeddable":true,"href":"https:\/\/www.dafz.ae\/de\/wp-json\/wp\/v2\/users\/17"}],"replies":[{"embeddable":true,"href":"https:\/\/www.dafz.ae\/de\/wp-json\/wp\/v2\/comments?post=19984"}],"version-history":[{"count":7,"href":"https:\/\/www.dafz.ae\/de\/wp-json\/wp\/v2\/pages\/19984\/revisions"}],"predecessor-version":[{"id":37705,"href":"https:\/\/www.dafz.ae\/de\/wp-json\/wp\/v2\/pages\/19984\/revisions\/37705"}],"up":[{"embeddable":true,"href":"https:\/\/www.dafz.ae\/de\/wp-json\/wp\/v2\/pages\/19926"}],"wp:attachment":[{"href":"https:\/\/www.dafz.ae\/de\/wp-json\/wp\/v2\/media?parent=19984"}],"curies":[{"name":"wp","href":"https:\/\/api.w.org\/{rel}","templated":true}]}}