{"id":19926,"date":"2019-06-10T17:14:29","date_gmt":"2019-06-10T17:14:29","guid":{"rendered":"https:\/\/www.dafz.ae\/business-space\/"},"modified":"2025-08-26T12:16:37","modified_gmt":"2025-08-26T08:16:37","slug":"business-space","status":"publish","type":"page","link":"https:\/\/www.dafz.ae\/de\/business-space","title":{"rendered":"BUSINESS SPACE"},"content":{"rendered":"\t\t<div data-elementor-type=\"wp-post\" data-elementor-id=\"19926\" class=\"elementor elementor-19926\" data-elementor-post-type=\"page\">\n\t\t\t\t\t\t<section class=\"elementor-section elementor-top-section elementor-element elementor-element-6f1e870 elementor-section-stretched elementor-section-boxed elementor-section-height-default elementor-section-height-default\" data-id=\"6f1e870\" data-element_type=\"section\" data-settings=\"{&quot;stretch_section&quot;:&quot;section-stretched&quot;,&quot;background_background&quot;:&quot;classic&quot;}\">\n\t\t\t\t\t\t<div class=\"elementor-container elementor-column-gap-default\">\n\t\t\t\t\t<div class=\"elementor-column elementor-col-100 elementor-top-column elementor-element elementor-element-7fb7423\" data-id=\"7fb7423\" data-element_type=\"column\">\n\t\t\t<div class=\"elementor-widget-wrap elementor-element-populated\">\n\t\t\t\t\t\t<div class=\"elementor-element elementor-element-4ba0d6b elementor-widget elementor-widget-heading\" data-id=\"4ba0d6b\" data-element_type=\"widget\" data-widget_type=\"heading.default\">\n\t\t\t\t<div class=\"elementor-widget-container\">\n\t\t\t<h1 class=\"elementor-heading-title elementor-size-default\">GESCH\u00c4FTSRAUM<\/h1>\t\t<\/div>\n\t\t\t\t<\/div>\n\t\t\t\t\t<\/div>\n\t\t<\/div>\n\t\t\t\t\t<\/div>\n\t\t<\/section>\n\t\t\t\t<section class=\"elementor-section elementor-top-section elementor-element elementor-element-f6e63fd elementor-section-stretched elementor-section-boxed elementor-section-height-default elementor-section-height-default\" data-id=\"f6e63fd\" data-element_type=\"section\" data-settings=\"{&quot;stretch_section&quot;:&quot;section-stretched&quot;,&quot;background_background&quot;:&quot;classic&quot;}\">\n\t\t\t\t\t\t\t<div class=\"elementor-background-overlay\"><\/div>\n\t\t\t\t\t\t\t<div class=\"elementor-container elementor-column-gap-default\">\n\t\t\t\t\t<div class=\"elementor-column elementor-col-50 elementor-top-column elementor-element elementor-element-fc2daab\" data-id=\"fc2daab\" data-element_type=\"column\">\n\t\t\t<div class=\"elementor-widget-wrap elementor-element-populated\">\n\t\t\t\t\t\t<div class=\"elementor-element elementor-element-455a4a9 elementor-widget elementor-widget-heading\" data-id=\"455a4a9\" data-element_type=\"widget\" data-widget_type=\"heading.default\">\n\t\t\t\t<div class=\"elementor-widget-container\">\n\t\t\t<h2 class=\"elementor-heading-title elementor-size-default\">\nENTDECKEN SIE EINEN ORT IM HERZEN VON DUBAI ZUM AUSBAU IHRES GESCH\u00c4FTS<\/h2>\t\t<\/div>\n\t\t\t\t<\/div>\n\t\t\t\t<div class=\"elementor-element elementor-element-76a6839 elementor-widget elementor-widget-text-editor\" data-id=\"76a6839\" data-element_type=\"widget\" data-widget_type=\"text-editor.default\">\n\t\t\t\t<div class=\"elementor-widget-container\">\n\t\t\t\t\t\t\t<p>DAFZ bietet ein breitgef\u00e4chertes Angebot an flexiblen L\u00f6sungen, um den Anforderungen Ihres Unternehmens zu entsprechen. Ob Sie komplett m\u00f6blierte B\u00fcror\u00e4ume ben\u00f6tigen, ma\u00dfgeschneiderte B\u00fcrol\u00f6sungen, Lagerr\u00e4ume, Gewerbegeb\u00e4ude oder Verkaufsr\u00e4ume suchen: Unser\u00a0 Premium Gesch\u00e4ftsservice wird so zugeschnitten, dass er Ihre Erwartungen \u00fcbertrifft.<\/p>\t\t\t\t\t\t<\/div>\n\t\t\t\t<\/div>\n\t\t\t\t<div class=\"elementor-element elementor-element-c8a6ddf elementor-widget elementor-widget-button\" data-id=\"c8a6ddf\" data-element_type=\"widget\" data-widget_type=\"button.default\">\n\t\t\t\t<div class=\"elementor-widget-container\">\n\t\t\t\t\t<div class=\"elementor-button-wrapper\">\n\t\t\t<a class=\"elementor-button elementor-button-link elementor-size-sm\" href=\"https:\/\/www.dafz.ae\/de\/contact-us\/#make-an-enquiry?page=business_space\">\n\t\t\t\t\t\t<span class=\"elementor-button-content-wrapper\">\n\t\t\t\t\t\t\t\t\t<span class=\"elementor-button-text\">Jetzt anfragen<\/span>\n\t\t\t\t\t<\/span>\n\t\t\t\t\t<\/a>\n\t\t<\/div>\n\t\t\t\t<\/div>\n\t\t\t\t<\/div>\n\t\t\t\t\t<\/div>\n\t\t<\/div>\n\t\t\t\t<div class=\"elementor-column elementor-col-50 elementor-top-column elementor-element elementor-element-af9f3e2\" data-id=\"af9f3e2\" data-element_type=\"column\">\n\t\t\t<div class=\"elementor-widget-wrap elementor-element-populated\">\n\t\t\t\t\t\t<section class=\"elementor-section elementor-inner-section elementor-element elementor-element-d2011d6 elementor-section-boxed elementor-section-height-default elementor-section-height-default\" data-id=\"d2011d6\" data-element_type=\"section\">\n\t\t\t\t\t\t<div class=\"elementor-container elementor-column-gap-default\">\n\t\t\t\t\t<div class=\"elementor-column elementor-col-50 elementor-inner-column elementor-element elementor-element-120c60d\" data-id=\"120c60d\" data-element_type=\"column\">\n\t\t\t<div class=\"elementor-widget-wrap elementor-element-populated\">\n\t\t\t\t\t\t<div class=\"elementor-element elementor-element-cfcf8c1 elementor-position-top elementor-widget elementor-widget-image-box\" data-id=\"cfcf8c1\" data-element_type=\"widget\" data-widget_type=\"image-box.default\">\n\t\t\t\t<div class=\"elementor-widget-container\">\n\t\t\t<div class=\"elementor-image-box-wrapper\"><figure class=\"elementor-image-box-img\"><img fetchpriority=\"high\" decoding=\"async\" width=\"981\" height=\"665\" src=\"\/wp-content\/uploads\/2020\/01\/dafza-office-landing-page-img.jpg\" class=\"attachment-large size-large wp-image-19929\" alt=\"Office for rent in Dubai Airport freezone\" srcset=\"\/wp-content\/uploads\/2020\/01\/dafza-office-landing-page-img.jpg 981w, \/wp-content\/uploads\/2020\/01\/dafza-office-landing-page-img-300x203.jpg 300w, \/wp-content\/uploads\/2020\/01\/dafza-office-landing-page-img-93x63.jpg 93w\" sizes=\"(max-width: 981px) 100vw, 981px\" \/><\/figure><div class=\"elementor-image-box-content\"><h3 class=\"elementor-image-box-title\">B\u00dcROR\u00c4UME<\/h3><p class=\"elementor-image-box-description\"><u><a href=\"https:\/\/www.dafz.ae\/de\/business-space\/offices\/\" style=\"\n    color: #393939;\n\">MEHR ERFAHREN<\/a><\/u><\/p><\/div><\/div>\t\t<\/div>\n\t\t\t\t<\/div>\n\t\t\t\t\t<\/div>\n\t\t<\/div>\n\t\t\t\t<div class=\"elementor-column elementor-col-50 elementor-inner-column elementor-element elementor-element-25881bf\" data-id=\"25881bf\" data-element_type=\"column\">\n\t\t\t<div class=\"elementor-widget-wrap elementor-element-populated\">\n\t\t\t\t\t\t<div class=\"elementor-element elementor-element-a2cc589 elementor-position-top elementor-widget elementor-widget-image-box\" data-id=\"a2cc589\" data-element_type=\"widget\" data-widget_type=\"image-box.default\">\n\t\t\t\t<div class=\"elementor-widget-container\">\n\t\t\t<div class=\"elementor-image-box-wrapper\"><figure class=\"elementor-image-box-img\"><img decoding=\"async\" width=\"981\" height=\"665\" src=\"\/wp-content\/uploads\/2020\/01\/dafza-liu-img.jpg\" class=\"attachment-large size-large wp-image-19928\" alt=\"Warehousing solutions in freezone - DAFZA\" srcset=\"\/wp-content\/uploads\/2020\/01\/dafza-liu-img.jpg 981w, \/wp-content\/uploads\/2020\/01\/dafza-liu-img-300x203.jpg 300w, \/wp-content\/uploads\/2020\/01\/dafza-liu-img-93x63.jpg 93w\" sizes=\"(max-width: 981px) 100vw, 981px\" \/><\/figure><div class=\"elementor-image-box-content\"><h3 class=\"elementor-image-box-title\">GEWERBEGEB\u00c4UDE<\/h3><p class=\"elementor-image-box-description\"><u><a href=\"https:\/\/www.dafz.ae\/de\/business-space\/dafza-light-industrial-units\/\" style=\"\n    color: #393939;\n\">MEHR ERFAHREN<\/a><\/u><\/p><\/div><\/div>\t\t<\/div>\n\t\t\t\t<\/div>\n\t\t\t\t\t<\/div>\n\t\t<\/div>\n\t\t\t\t\t<\/div>\n\t\t<\/section>\n\t\t\t\t<section class=\"elementor-section elementor-inner-section elementor-element elementor-element-c6e1528 elementor-section-boxed elementor-section-height-default elementor-section-height-default\" data-id=\"c6e1528\" data-element_type=\"section\">\n\t\t\t\t\t\t<div class=\"elementor-container elementor-column-gap-default\">\n\t\t\t\t\t<div class=\"elementor-column elementor-col-50 elementor-inner-column elementor-element elementor-element-e7e1770\" data-id=\"e7e1770\" data-element_type=\"column\">\n\t\t\t<div class=\"elementor-widget-wrap elementor-element-populated\">\n\t\t\t\t\t\t<div class=\"elementor-element elementor-element-c4b289c elementor-position-top elementor-widget elementor-widget-image-box\" data-id=\"c4b289c\" data-element_type=\"widget\" data-widget_type=\"image-box.default\">\n\t\t\t\t<div class=\"elementor-widget-container\">\n\t\t\t<div class=\"elementor-image-box-wrapper\"><figure class=\"elementor-image-box-img\"><img decoding=\"async\" width=\"981\" height=\"665\" src=\"\/wp-content\/uploads\/2020\/01\/dafza-dip-img.jpg\" class=\"attachment-large size-large wp-image-19923\" alt=\"Commercial space for rent in Dubai\" srcset=\"\/wp-content\/uploads\/2020\/01\/dafza-dip-img.jpg 981w, \/wp-content\/uploads\/2020\/01\/dafza-dip-img-300x203.jpg 300w, \/wp-content\/uploads\/2020\/01\/dafza-dip-img-93x63.jpg 93w\" sizes=\"(max-width: 981px) 100vw, 981px\" \/><\/figure><div class=\"elementor-image-box-content\"><h3 class=\"elementor-image-box-title\">DAFZ INDUSTRIEPARK<\/h3><p class=\"elementor-image-box-description\"><u><a href=\"https:\/\/www.dafz.ae\/de\/business-space\/dafza-industrial-park\/\">MEHR ERFAHREN<\/a><\/u><\/p><\/div><\/div>\t\t<\/div>\n\t\t\t\t<\/div>\n\t\t\t\t\t<\/div>\n\t\t<\/div>\n\t\t\t\t<div class=\"elementor-column elementor-col-50 elementor-inner-column elementor-element elementor-element-737158a\" data-id=\"737158a\" data-element_type=\"column\">\n\t\t\t<div class=\"elementor-widget-wrap elementor-element-populated\">\n\t\t\t\t\t\t<div class=\"elementor-element elementor-element-30e10f0 elementor-position-top elementor-widget elementor-widget-image-box\" data-id=\"30e10f0\" data-element_type=\"widget\" data-widget_type=\"image-box.default\">\n\t\t\t\t<div class=\"elementor-widget-container\">\n\t\t\t<div class=\"elementor-image-box-wrapper\"><figure class=\"elementor-image-box-img\"><img loading=\"lazy\" decoding=\"async\" width=\"981\" height=\"665\" src=\"\/wp-content\/uploads\/2020\/01\/dafza-retail-space-img-1.jpg\" class=\"attachment-large size-large wp-image-19930\" alt=\"Retail shop for rent in DAFZA\" srcset=\"\/wp-content\/uploads\/2020\/01\/dafza-retail-space-img-1.jpg 981w, \/wp-content\/uploads\/2020\/01\/dafza-retail-space-img-1-300x203.jpg 300w, \/wp-content\/uploads\/2020\/01\/dafza-retail-space-img-1-93x63.jpg 93w\" sizes=\"(max-width: 981px) 100vw, 981px\" \/><\/figure><div class=\"elementor-image-box-content\"><h3 class=\"elementor-image-box-title\">GEWERBEGEB\u00c4UDE<\/h3><p class=\"elementor-image-box-description\"><u><a href=\"https:\/\/www.dafz.ae\/de\/business-space\/retail-space\/\">MEHR ERFAHREN<\/a><\/u><\/p><\/div><\/div>\t\t<\/div>\n\t\t\t\t<\/div>\n\t\t\t\t\t<\/div>\n\t\t<\/div>\n\t\t\t\t\t<\/div>\n\t\t<\/section>\n\t\t\t\t\t<\/div>\n\t\t<\/div>\n\t\t\t\t\t<\/div>\n\t\t<\/section>\n\t\t\t\t<\/div>\n\t\t","protected":false},"excerpt":{"rendered":"<p>GESCH\u00c4FTSRAUM ENTDECKEN SIE EINEN ORT IM HERZEN VON DUBAI ZUM AUSBAU IHRES GESCH\u00c4FTS DAFZ bietet ein breitgef\u00e4chertes Angebot an flexiblen L\u00f6sungen, um den Anforderungen Ihres Unternehmens zu entsprechen. Ob Sie komplett m\u00f6blierte B\u00fcror\u00e4ume ben\u00f6tigen, ma\u00dfgeschneiderte B\u00fcrol\u00f6sungen, Lagerr\u00e4ume, Gewerbegeb\u00e4ude oder Verkaufsr\u00e4ume suchen: Unser\u00a0 Premium Gesch\u00e4ftsservice wird so zugeschnitten, dass er Ihre Erwartungen \u00fcbertrifft. Jetzt anfragen B\u00dcROR\u00c4UME&#8230;<\/p>\n","protected":false},"author":17,"featured_media":0,"parent":0,"menu_order":0,"comment_status":"closed","ping_status":"closed","template":"","meta":[],"yoast_head":"<!-- This site is optimized with the Yoast SEO plugin v20.8 - https:\/\/yoast.com\/wordpress\/plugins\/seo\/ -->\n<title>Office Space in DAFZA | Business Setup in Tax Free Zone<\/title>\n<meta name=\"description\" content=\"From fully furnished free zone offices, warehousing, light industrial units or retail outlets to premium business services, we offer tailored solutions to suit your business needs.\" \/>\n<meta name=\"robots\" content=\"index, follow, max-snippet:-1, max-image-preview:large, max-video-preview:-1\" \/>\n<link rel=\"canonical\" href=\"https:\/\/www.dafz.ae\/de\/business-space\" \/>\n<meta property=\"og:locale\" content=\"de_DE\" \/>\n<meta property=\"og:type\" content=\"article\" \/>\n<meta property=\"og:title\" content=\"Office Space in DAFZA | Business Setup in Tax Free Zone\" \/>\n<meta property=\"og:description\" content=\"From fully furnished free zone offices, warehousing, light industrial units or retail outlets to premium business services, we offer tailored solutions to suit your business needs.\" \/>\n<meta property=\"og:url\" content=\"https:\/\/www.dafz.ae\/de\/business-space\" \/>\n<meta property=\"og:site_name\" content=\"Free Zones in Dubai, Dubai Airport Freezone, UAE Tax Free Zone | DAFZ\" \/>\n<meta property=\"article:publisher\" content=\"https:\/\/www.facebook.com\/DAFZAOfficial\/\" \/>\n<meta property=\"article:modified_time\" content=\"2025-08-26T08:16:37+00:00\" \/>\n<meta name=\"twitter:card\" content=\"summary_large_image\" \/>\n<meta name=\"twitter:site\" content=\"@DAFZAOfficial\" \/>\n<meta name=\"twitter:label1\" content=\"Gesch\u00e4tzte Lesezeit\" \/>\n\t<meta name=\"twitter:data1\" content=\"2\u00a0Minuten\" \/>\n<script type=\"application\/ld+json\" class=\"yoast-schema-graph\">{\"@context\":\"https:\/\/schema.org\",\"@graph\":[{\"@type\":\"WebPage\",\"@id\":\"https:\/\/www.dafz.ae\/de\/business-space\",\"url\":\"https:\/\/www.dafz.ae\/de\/business-space\",\"name\":\"Office Space in DAFZA | Business Setup in Tax Free Zone\",\"isPartOf\":{\"@id\":\"https:\/\/www.dafz.ae\/ar\/#website\"},\"datePublished\":\"2019-06-10T17:14:29+00:00\",\"dateModified\":\"2025-08-26T08:16:37+00:00\",\"description\":\"From fully furnished free zone offices, warehousing, light industrial units or retail outlets to premium business services, we offer tailored solutions to suit your business needs.\",\"breadcrumb\":{\"@id\":\"https:\/\/www.dafz.ae\/de\/business-space#breadcrumb\"},\"inLanguage\":\"de\",\"potentialAction\":[{\"@type\":\"ReadAction\",\"target\":[\"https:\/\/www.dafz.ae\/de\/business-space\"]}]},{\"@type\":\"BreadcrumbList\",\"@id\":\"https:\/\/www.dafz.ae\/de\/business-space#breadcrumb\",\"itemListElement\":[{\"@type\":\"ListItem\",\"position\":1,\"name\":\"Home\",\"item\":\"https:\/\/www.dafz.ae\/en\"},{\"@type\":\"ListItem\",\"position\":2,\"name\":\"BUSINESS SPACE\"}]},{\"@type\":\"WebSite\",\"@id\":\"https:\/\/www.dafz.ae\/ar\/#website\",\"url\":\"https:\/\/www.dafz.ae\/ar\/\",\"name\":\"Free Zones in Dubai, Dubai Airport Freezone, UAE Tax Free Zone | DAFZ\",\"description\":\"Dubai Airport Free Zone\",\"publisher\":{\"@id\":\"https:\/\/www.dafz.ae\/ar\/#organization\"},\"potentialAction\":[{\"@type\":\"SearchAction\",\"target\":{\"@type\":\"EntryPoint\",\"urlTemplate\":\"https:\/\/www.dafz.ae\/ar\/?s={search_term_string}\"},\"query-input\":\"required name=search_term_string\"}],\"inLanguage\":\"de\"},{\"@type\":\"Organization\",\"@id\":\"https:\/\/www.dafz.ae\/ar\/#organization\",\"name\":\"Dubai Airport Freezone Authority\",\"url\":\"https:\/\/www.dafz.ae\/ar\/\",\"logo\":{\"@type\":\"ImageObject\",\"inLanguage\":\"de\",\"@id\":\"https:\/\/www.dafz.ae\/ar\/#\/schema\/logo\/image\/\",\"url\":\"\/wp-content\/uploads\/2019\/04\/dafza-logo-svg-1.svg\",\"contentUrl\":\"\/wp-content\/uploads\/2019\/04\/dafza-logo-svg-1.svg\",\"width\":\"1024\",\"height\":\"1024\",\"caption\":\"Dubai Airport Freezone Authority\"},\"image\":{\"@id\":\"https:\/\/www.dafz.ae\/ar\/#\/schema\/logo\/image\/\"},\"sameAs\":[\"https:\/\/www.facebook.com\/DAFZAOfficial\/\",\"https:\/\/twitter.com\/DAFZAOfficial\",\"https:\/\/www.instagram.com\/dafzofficial\/\"]}]}<\/script>\n<!-- \/ Yoast SEO plugin. -->","yoast_head_json":{"title":"Office Space in DAFZA | Business Setup in Tax Free Zone","description":"From fully furnished free zone offices, warehousing, light industrial units or retail outlets to premium business services, we offer tailored solutions to suit your business needs.","robots":{"index":"index","follow":"follow","max-snippet":"max-snippet:-1","max-image-preview":"max-image-preview:large","max-video-preview":"max-video-preview:-1"},"canonical":"https:\/\/www.dafz.ae\/de\/business-space","og_locale":"de_DE","og_type":"article","og_title":"Office Space in DAFZA | Business Setup in Tax Free Zone","og_description":"From fully furnished free zone offices, warehousing, light industrial units or retail outlets to premium business services, we offer tailored solutions to suit your business needs.","og_url":"https:\/\/www.dafz.ae\/de\/business-space","og_site_name":"Free Zones in Dubai, Dubai Airport Freezone, UAE Tax Free Zone | DAFZ","article_publisher":"https:\/\/www.facebook.com\/DAFZAOfficial\/","article_modified_time":"2025-08-26T08:16:37+00:00","twitter_card":"summary_large_image","twitter_site":"@DAFZAOfficial","twitter_misc":{"Gesch\u00e4tzte Lesezeit":"2\u00a0Minuten"},"schema":{"@context":"https:\/\/schema.org","@graph":[{"@type":"WebPage","@id":"https:\/\/www.dafz.ae\/de\/business-space","url":"https:\/\/www.dafz.ae\/de\/business-space","name":"Office Space in DAFZA | Business Setup in Tax Free Zone","isPartOf":{"@id":"https:\/\/www.dafz.ae\/ar\/#website"},"datePublished":"2019-06-10T17:14:29+00:00","dateModified":"2025-08-26T08:16:37+00:00","description":"From fully furnished free zone offices, warehousing, light industrial units or retail outlets to premium business services, we offer tailored solutions to suit your business needs.","breadcrumb":{"@id":"https:\/\/www.dafz.ae\/de\/business-space#breadcrumb"},"inLanguage":"de","potentialAction":[{"@type":"ReadAction","target":["https:\/\/www.dafz.ae\/de\/business-space"]}]},{"@type":"BreadcrumbList","@id":"https:\/\/www.dafz.ae\/de\/business-space#breadcrumb","itemListElement":[{"@type":"ListItem","position":1,"name":"Home","item":"https:\/\/www.dafz.ae\/en"},{"@type":"ListItem","position":2,"name":"BUSINESS SPACE"}]},{"@type":"WebSite","@id":"https:\/\/www.dafz.ae\/ar\/#website","url":"https:\/\/www.dafz.ae\/ar\/","name":"Free Zones in Dubai, Dubai Airport Freezone, UAE Tax Free Zone | DAFZ","description":"Dubai Airport Free Zone","publisher":{"@id":"https:\/\/www.dafz.ae\/ar\/#organization"},"potentialAction":[{"@type":"SearchAction","target":{"@type":"EntryPoint","urlTemplate":"https:\/\/www.dafz.ae\/ar\/?s={search_term_string}"},"query-input":"required name=search_term_string"}],"inLanguage":"de"},{"@type":"Organization","@id":"https:\/\/www.dafz.ae\/ar\/#organization","name":"Dubai Airport Freezone Authority","url":"https:\/\/www.dafz.ae\/ar\/","logo":{"@type":"ImageObject","inLanguage":"de","@id":"https:\/\/www.dafz.ae\/ar\/#\/schema\/logo\/image\/","url":"\/wp-content\/uploads\/2019\/04\/dafza-logo-svg-1.svg","contentUrl":"\/wp-content\/uploads\/2019\/04\/dafza-logo-svg-1.svg","width":"1024","height":"1024","caption":"Dubai Airport Freezone Authority"},"image":{"@id":"https:\/\/www.dafz.ae\/ar\/#\/schema\/logo\/image\/"},"sameAs":["https:\/\/www.facebook.com\/DAFZAOfficial\/","https:\/\/twitter.com\/DAFZAOfficial","https:\/\/www.instagram.com\/dafzofficial\/"]}]}},"_links":{"self":[{"href":"https:\/\/www.dafz.ae\/de\/wp-json\/wp\/v2\/pages\/19926"}],"collection":[{"href":"https:\/\/www.dafz.ae\/de\/wp-json\/wp\/v2\/pages"}],"about":[{"href":"https:\/\/www.dafz.ae\/de\/wp-json\/wp\/v2\/types\/page"}],"author":[{"embeddable":true,"href":"https:\/\/www.dafz.ae\/de\/wp-json\/wp\/v2\/users\/17"}],"replies":[{"embeddable":true,"href":"https:\/\/www.dafz.ae\/de\/wp-json\/wp\/v2\/comments?post=19926"}],"version-history":[{"count":7,"href":"https:\/\/www.dafz.ae\/de\/wp-json\/wp\/v2\/pages\/19926\/revisions"}],"predecessor-version":[{"id":37696,"href":"https:\/\/www.dafz.ae\/de\/wp-json\/wp\/v2\/pages\/19926\/revisions\/37696"}],"wp:attachment":[{"href":"https:\/\/www.dafz.ae\/de\/wp-json\/wp\/v2\/media?parent=19926"}],"curies":[{"name":"wp","href":"https:\/\/api.w.org\/{rel}","templated":true}]}}