{"id":19893,"date":"2019-12-09T08:43:45","date_gmt":"2019-12-09T08:43:45","guid":{"rendered":"https:\/\/www.dafz.ae\/business-setup\/"},"modified":"2024-03-04T18:26:24","modified_gmt":"2024-03-04T14:26:24","slug":"business-setup","status":"publish","type":"page","link":"https:\/\/www.dafz.ae\/de\/business-setup","title":{"rendered":"Business Setup"},"content":{"rendered":"\t\t<div data-elementor-type=\"wp-page\" data-elementor-id=\"19893\" class=\"elementor elementor-19893\" data-elementor-post-type=\"page\">\n\t\t\t\t\t\t<section class=\"elementor-section elementor-top-section elementor-element elementor-element-82fbbf7 elementor-section-stretched elementor-section-boxed elementor-section-height-default elementor-section-height-default\" data-id=\"82fbbf7\" data-element_type=\"section\" data-settings=\"{&quot;stretch_section&quot;:&quot;section-stretched&quot;,&quot;background_background&quot;:&quot;classic&quot;}\">\n\t\t\t\t\t\t<div class=\"elementor-container elementor-column-gap-default\">\n\t\t\t\t\t<div class=\"elementor-column elementor-col-100 elementor-top-column elementor-element elementor-element-4f04ad9\" data-id=\"4f04ad9\" data-element_type=\"column\">\n\t\t\t<div class=\"elementor-widget-wrap elementor-element-populated\">\n\t\t\t\t\t\t<div class=\"elementor-element elementor-element-9a703aa elementor-widget elementor-widget-heading\" data-id=\"9a703aa\" data-element_type=\"widget\" data-widget_type=\"heading.default\">\n\t\t\t\t<div class=\"elementor-widget-container\">\n\t\t\t<h1 class=\"elementor-heading-title elementor-size-default\">Firmengr\u00fcndung<\/h1>\t\t<\/div>\n\t\t\t\t<\/div>\n\t\t\t\t\t<\/div>\n\t\t<\/div>\n\t\t\t\t\t<\/div>\n\t\t<\/section>\n\t\t\t\t<section class=\"elementor-section elementor-top-section elementor-element elementor-element-3b3ab89 elementor-section-stretched elementor-section-boxed elementor-section-height-default elementor-section-height-default\" data-id=\"3b3ab89\" data-element_type=\"section\" data-settings=\"{&quot;stretch_section&quot;:&quot;section-stretched&quot;,&quot;background_background&quot;:&quot;classic&quot;}\">\n\t\t\t\t\t\t<div class=\"elementor-container elementor-column-gap-default\">\n\t\t\t\t\t<div class=\"elementor-column elementor-col-50 elementor-top-column elementor-element elementor-element-cbb6cb8\" data-id=\"cbb6cb8\" data-element_type=\"column\">\n\t\t\t<div class=\"elementor-widget-wrap elementor-element-populated\">\n\t\t\t\t\t\t<div class=\"elementor-element elementor-element-96777f5 elementor-widget elementor-widget-heading\" data-id=\"96777f5\" data-element_type=\"widget\" data-widget_type=\"heading.default\">\n\t\t\t\t<div class=\"elementor-widget-container\">\n\t\t\t<h2 class=\"elementor-heading-title elementor-size-default\">IHR WACHSTUMSPORTAL<\/h2>\t\t<\/div>\n\t\t\t\t<\/div>\n\t\t\t\t<div class=\"elementor-element elementor-element-768b038 elementor-widget-divider--view-line elementor-widget elementor-widget-divider\" data-id=\"768b038\" data-element_type=\"widget\" data-widget_type=\"divider.default\">\n\t\t\t\t<div class=\"elementor-widget-container\">\n\t\t\t\t\t<div class=\"elementor-divider\">\n\t\t\t<span class=\"elementor-divider-separator\">\n\t\t\t\t\t\t<\/span>\n\t\t<\/div>\n\t\t\t\t<\/div>\n\t\t\t\t<\/div>\n\t\t\t\t<div class=\"elementor-element elementor-element-bbf6503 elementor-widget elementor-widget-text-editor\" data-id=\"bbf6503\" data-element_type=\"widget\" data-widget_type=\"text-editor.default\">\n\t\t\t\t<div class=\"elementor-widget-container\">\n\t\t\t\t\t\t\t<p>Hier bei DAFZ wird unser innovativer Gesch\u00e4ftsaufbau in Dubai mit L\u00f6sungen konzipiert, welche die Bed\u00fcrfnisse Ihres wachsenden Gesch\u00e4fts erf\u00fcllen.<\/p><p>Wir nutzen unsere \u00fcber zwanzig Jahre w\u00e4hrende Erfahrung beim Gesch\u00e4ftsaufbau, unsere einzigartigen \u00d6kosysteme sowie unsere flexiblen und kosteng\u00fcnstigen L\u00f6sungen und wir bieten gro\u00dfen wie kleineren Unternehmen die Freiheit, in lokalen, regionalen und globalen M\u00e4rkten zu expandieren.<\/p><p>Unsere ma\u00dfgeschneiderten Pakete und Servicepakete werden direkt auf Ihr Gesch\u00e4ft zugeschnitten: Vom h\u00f6chsten Ma\u00df an personalisiertem Kundendienst bis hin zu dynamischen, nahtlosen Verfahren, die sich vollkommen auf Ihre spezifischen Anforderungen konzentrieren.<\/p><p>Rufen Sie uns noch heute an oder schicken Sie uns eine E-Mail, damit Sie Ihr Gesch\u00e4ft durch DAFZs ma\u00dfgeschneidertes Portfolio an L\u00f6sungen zum Gesch\u00e4ftsaufbau erweitern k\u00f6nnen.<\/p>\t\t\t\t\t\t<\/div>\n\t\t\t\t<\/div>\n\t\t\t\t<div class=\"elementor-element elementor-element-e727478 elementor-widget elementor-widget-button\" data-id=\"e727478\" data-element_type=\"widget\" data-widget_type=\"button.default\">\n\t\t\t\t<div class=\"elementor-widget-container\">\n\t\t\t\t\t<div class=\"elementor-button-wrapper\">\n\t\t\t<a class=\"elementor-button elementor-button-link elementor-size-sm\" href=\"https:\/\/www.dafz.ae\/de\/contact-us\/#make-an-enquiry?page=business_setup\">\n\t\t\t\t\t\t<span class=\"elementor-button-content-wrapper\">\n\t\t\t\t\t\t\t\t\t<span class=\"elementor-button-text\">Jetzt anfragen<\/span>\n\t\t\t\t\t<\/span>\n\t\t\t\t\t<\/a>\n\t\t<\/div>\n\t\t\t\t<\/div>\n\t\t\t\t<\/div>\n\t\t\t\t\t<\/div>\n\t\t<\/div>\n\t\t\t\t<div class=\"elementor-column elementor-col-50 elementor-top-column elementor-element elementor-element-bd5355a\" data-id=\"bd5355a\" data-element_type=\"column\">\n\t\t\t<div class=\"elementor-widget-wrap elementor-element-populated\">\n\t\t\t\t\t\t<section class=\"elementor-section elementor-inner-section elementor-element elementor-element-b02c093 elementor-section-boxed elementor-section-height-default elementor-section-height-default\" data-id=\"b02c093\" data-element_type=\"section\">\n\t\t\t\t\t\t<div class=\"elementor-container elementor-column-gap-default\">\n\t\t\t\t\t<div class=\"elementor-column elementor-col-50 elementor-inner-column elementor-element elementor-element-6e620ba\" data-id=\"6e620ba\" data-element_type=\"column\">\n\t\t\t<div class=\"elementor-widget-wrap elementor-element-populated\">\n\t\t\t\t\t\t<div class=\"elementor-element elementor-element-090101a elementor-position-top elementor-widget elementor-widget-image-box\" data-id=\"090101a\" data-element_type=\"widget\" data-widget_type=\"image-box.default\">\n\t\t\t\t<div class=\"elementor-widget-container\">\n\t\t\t<div class=\"elementor-image-box-wrapper\"><figure class=\"elementor-image-box-img\"><img fetchpriority=\"high\" decoding=\"async\" width=\"982\" height=\"621\" src=\"\/wp-content\/uploads\/2019\/05\/business-setup.jpg\" class=\"attachment-large size-large wp-image-20153\" alt=\"Setting up a company in dubai\" srcset=\"\/wp-content\/uploads\/2019\/05\/business-setup.jpg 982w, \/wp-content\/uploads\/2019\/05\/business-setup-300x190.jpg 300w, \/wp-content\/uploads\/2019\/05\/business-setup-768x486.jpg 768w\" sizes=\"(max-width: 982px) 100vw, 982px\" \/><\/figure><div class=\"elementor-image-box-content\"><h3 class=\"elementor-image-box-title\">GESCH\u00c4FTSAUFBAU PROZESS<\/h3><p class=\"elementor-image-box-description\"><u><a href=\"https:\/\/www.dafz.ae\/de\/business-setup\/process\/\" style=\"color: #393939;\" aria-label=\"Erkunden Sie mehr \u00fcber den Prozess der Unternehmensgr\u00fcndung\">MEHR ERFAHREN<\/a><\/u><\/p><\/div><\/div>\t\t<\/div>\n\t\t\t\t<\/div>\n\t\t\t\t\t<\/div>\n\t\t<\/div>\n\t\t\t\t<div class=\"elementor-column elementor-col-50 elementor-inner-column elementor-element elementor-element-035520c\" data-id=\"035520c\" data-element_type=\"column\">\n\t\t\t<div class=\"elementor-widget-wrap elementor-element-populated\">\n\t\t\t\t\t\t<div class=\"elementor-element elementor-element-18b8262 elementor-position-top elementor-widget elementor-widget-image-box\" data-id=\"18b8262\" data-element_type=\"widget\" data-widget_type=\"image-box.default\">\n\t\t\t\t<div class=\"elementor-widget-container\">\n\t\t\t<div class=\"elementor-image-box-wrapper\"><figure class=\"elementor-image-box-img\"><img decoding=\"async\" width=\"982\" height=\"621\" src=\"\/wp-content\/uploads\/2019\/05\/products-btn-img.jpg\" class=\"attachment-large size-large wp-image-20154\" alt=\"Warehousing solutions freezone\" srcset=\"\/wp-content\/uploads\/2019\/05\/products-btn-img.jpg 982w, \/wp-content\/uploads\/2019\/05\/products-btn-img-300x190.jpg 300w, \/wp-content\/uploads\/2019\/05\/products-btn-img-768x486.jpg 768w\" sizes=\"(max-width: 982px) 100vw, 982px\" \/><\/figure><div class=\"elementor-image-box-content\"><h3 class=\"elementor-image-box-title\">GESCH\u00c4FTSRAUM<\/h3><p class=\"elementor-image-box-description\"><u><a href=\"https:\/\/www.dafz.ae\/de\/business-space\/\" style=\"color: #393939;\" aria-label=\"Erkunden Sie mehr \u00fcber den Gesch\u00e4ftsraum\">MEHR ERFAHREN<\/a><\/u><\/p><\/div><\/div>\t\t<\/div>\n\t\t\t\t<\/div>\n\t\t\t\t\t<\/div>\n\t\t<\/div>\n\t\t\t\t\t<\/div>\n\t\t<\/section>\n\t\t\t\t<section class=\"elementor-section elementor-inner-section elementor-element elementor-element-b3280c0 elementor-section-boxed elementor-section-height-default elementor-section-height-default\" data-id=\"b3280c0\" data-element_type=\"section\">\n\t\t\t\t\t\t<div class=\"elementor-container elementor-column-gap-default\">\n\t\t\t\t\t<div class=\"elementor-column elementor-col-50 elementor-inner-column elementor-element elementor-element-4e843c8\" data-id=\"4e843c8\" data-element_type=\"column\">\n\t\t\t<div class=\"elementor-widget-wrap elementor-element-populated\">\n\t\t\t\t\t\t<div class=\"elementor-element elementor-element-b68b857 elementor-position-top elementor-widget elementor-widget-image-box\" data-id=\"b68b857\" data-element_type=\"widget\" data-widget_type=\"image-box.default\">\n\t\t\t\t<div class=\"elementor-widget-container\">\n\t\t\t<div class=\"elementor-image-box-wrapper\"><figure class=\"elementor-image-box-img\"><img decoding=\"async\" width=\"982\" height=\"621\" src=\"\/wp-content\/uploads\/2019\/12\/services.jpg\" class=\"attachment-large size-large wp-image-19886\" alt=\"Online business setup services in dubai\" srcset=\"\/wp-content\/uploads\/2019\/12\/services.jpg 982w, \/wp-content\/uploads\/2019\/12\/services-300x190.jpg 300w, \/wp-content\/uploads\/2019\/12\/services-768x486.jpg 768w\" sizes=\"(max-width: 982px) 100vw, 982px\" \/><\/figure><div class=\"elementor-image-box-content\"><h3 class=\"elementor-image-box-title\">Dientleistungen<\/h3><p class=\"elementor-image-box-description\"><u><a href=\"https:\/\/www.dafz.ae\/de\/business-setup-services\/\" style=\"color: #393939;\"  aria-label=\"Entdecken Sie mehr \u00fcber Dienstleistungen zur Unternehmensgr\u00fcndung\">MEHR ERFAHREN<\/a><\/u><\/p><\/div><\/div>\t\t<\/div>\n\t\t\t\t<\/div>\n\t\t\t\t\t<\/div>\n\t\t<\/div>\n\t\t\t\t<div class=\"elementor-column elementor-col-50 elementor-inner-column elementor-element elementor-element-f9afde1\" data-id=\"f9afde1\" data-element_type=\"column\">\n\t\t\t<div class=\"elementor-widget-wrap elementor-element-populated\">\n\t\t\t\t\t\t<div class=\"elementor-element elementor-element-946ca76 elementor-hidden-desktop elementor-hidden-tablet elementor-hidden-phone elementor-position-top elementor-widget elementor-widget-image-box\" data-id=\"946ca76\" data-element_type=\"widget\" data-widget_type=\"image-box.default\">\n\t\t\t\t<div class=\"elementor-widget-container\">\n\t\t\t<div class=\"elementor-image-box-wrapper\"><figure class=\"elementor-image-box-img\"><img loading=\"lazy\" decoding=\"async\" width=\"982\" height=\"621\" src=\"\/wp-content\/uploads\/2019\/12\/dafza-facilities.jpg\" class=\"attachment-large size-large wp-image-19895\" alt=\"Freezone business facilities\" srcset=\"\/wp-content\/uploads\/2019\/12\/dafza-facilities.jpg 982w, \/wp-content\/uploads\/2019\/12\/dafza-facilities-300x190.jpg 300w, \/wp-content\/uploads\/2019\/12\/dafza-facilities-768x486.jpg 768w\" sizes=\"(max-width: 982px) 100vw, 982px\" \/><\/figure><div class=\"elementor-image-box-content\"><h3 class=\"elementor-image-box-title\">EINRICHTUNGEN<\/h3><p class=\"elementor-image-box-description\"><u><a href=\"https:\/\/www.dafz.ae\/de\/facilities\/\" style=\"\n    color: #393939;\n\">MEHR ERFAHREN<\/a><\/u><\/p><\/div><\/div>\t\t<\/div>\n\t\t\t\t<\/div>\n\t\t\t\t\t<\/div>\n\t\t<\/div>\n\t\t\t\t\t<\/div>\n\t\t<\/section>\n\t\t\t\t\t<\/div>\n\t\t<\/div>\n\t\t\t\t\t<\/div>\n\t\t<\/section>\n\t\t\t\t<\/div>\n\t\t","protected":false},"excerpt":{"rendered":"<p>Firmengr\u00fcndung IHR WACHSTUMSPORTAL Hier bei DAFZ wird unser innovativer Gesch\u00e4ftsaufbau in Dubai mit L\u00f6sungen konzipiert, welche die Bed\u00fcrfnisse Ihres wachsenden Gesch\u00e4fts erf\u00fcllen. Wir nutzen unsere \u00fcber zwanzig Jahre w\u00e4hrende Erfahrung beim Gesch\u00e4ftsaufbau, unsere einzigartigen \u00d6kosysteme sowie unsere flexiblen und kosteng\u00fcnstigen L\u00f6sungen und wir bieten gro\u00dfen wie kleineren Unternehmen die Freiheit, in lokalen, regionalen und globalen&#8230;<\/p>\n","protected":false},"author":17,"featured_media":0,"parent":0,"menu_order":0,"comment_status":"closed","ping_status":"closed","template":"","meta":[],"yoast_head":"<!-- This site is optimized with the Yoast SEO plugin v20.8 - https:\/\/yoast.com\/wordpress\/plugins\/seo\/ -->\n<title>Business Setup in Dubai Tax-Free Zone, Company Setup in Dubai, UAE - DAFZ<\/title>\n<meta name=\"description\" content=\"Company formation in UAE - Experience a seamless, quick and easy business set up solution with DAFZ, with unique benefits in market access, tax exemptions, and world-class facilities. Register with us today\" \/>\n<meta name=\"robots\" content=\"index, follow, max-snippet:-1, max-image-preview:large, max-video-preview:-1\" \/>\n<link rel=\"canonical\" href=\"https:\/\/www.dafz.ae\/de\/business-setup\" \/>\n<meta property=\"og:locale\" content=\"de_DE\" \/>\n<meta property=\"og:type\" content=\"article\" \/>\n<meta property=\"og:title\" content=\"Business Setup in Dubai Tax-Free Zone, Company Setup in Dubai, UAE - DAFZ\" \/>\n<meta property=\"og:description\" content=\"Company formation in UAE - Experience a seamless, quick and easy business set up solution with DAFZ, with unique benefits in market access, tax exemptions, and world-class facilities. Register with us today\" \/>\n<meta property=\"og:url\" content=\"https:\/\/www.dafz.ae\/de\/business-setup\" \/>\n<meta property=\"og:site_name\" content=\"Free Zones in Dubai, Dubai Airport Freezone, UAE Tax Free Zone | DAFZ\" \/>\n<meta property=\"article:publisher\" content=\"https:\/\/www.facebook.com\/DAFZAOfficial\/\" \/>\n<meta property=\"article:modified_time\" content=\"2024-03-04T14:26:24+00:00\" \/>\n<meta name=\"twitter:card\" content=\"summary_large_image\" \/>\n<meta name=\"twitter:site\" content=\"@DAFZAOfficial\" \/>\n<meta name=\"twitter:label1\" content=\"Gesch\u00e4tzte Lesezeit\" \/>\n\t<meta name=\"twitter:data1\" content=\"2\u00a0Minuten\" \/>\n<script type=\"application\/ld+json\" class=\"yoast-schema-graph\">{\"@context\":\"https:\/\/schema.org\",\"@graph\":[{\"@type\":\"WebPage\",\"@id\":\"https:\/\/www.dafz.ae\/de\/business-setup\",\"url\":\"https:\/\/www.dafz.ae\/de\/business-setup\",\"name\":\"Business Setup in Dubai Tax-Free Zone, Company Setup in Dubai, UAE - DAFZ\",\"isPartOf\":{\"@id\":\"https:\/\/www.dafz.ae\/ar\/#website\"},\"datePublished\":\"2019-12-09T08:43:45+00:00\",\"dateModified\":\"2024-03-04T14:26:24+00:00\",\"description\":\"Company formation in UAE - Experience a seamless, quick and easy business set up solution with DAFZ, with unique benefits in market access, tax exemptions, and world-class facilities. Register with us today\",\"breadcrumb\":{\"@id\":\"https:\/\/www.dafz.ae\/de\/business-setup#breadcrumb\"},\"inLanguage\":\"de\",\"potentialAction\":[{\"@type\":\"ReadAction\",\"target\":[\"https:\/\/www.dafz.ae\/de\/business-setup\"]}]},{\"@type\":\"BreadcrumbList\",\"@id\":\"https:\/\/www.dafz.ae\/de\/business-setup#breadcrumb\",\"itemListElement\":[{\"@type\":\"ListItem\",\"position\":1,\"name\":\"Home\",\"item\":\"https:\/\/www.dafz.ae\/en\"},{\"@type\":\"ListItem\",\"position\":2,\"name\":\"Business Setup\"}]},{\"@type\":\"WebSite\",\"@id\":\"https:\/\/www.dafz.ae\/ar\/#website\",\"url\":\"https:\/\/www.dafz.ae\/ar\/\",\"name\":\"Free Zones in Dubai, Dubai Airport Freezone, UAE Tax Free Zone | DAFZ\",\"description\":\"Dubai Airport Free Zone\",\"publisher\":{\"@id\":\"https:\/\/www.dafz.ae\/ar\/#organization\"},\"potentialAction\":[{\"@type\":\"SearchAction\",\"target\":{\"@type\":\"EntryPoint\",\"urlTemplate\":\"https:\/\/www.dafz.ae\/ar\/?s={search_term_string}\"},\"query-input\":\"required name=search_term_string\"}],\"inLanguage\":\"de\"},{\"@type\":\"Organization\",\"@id\":\"https:\/\/www.dafz.ae\/ar\/#organization\",\"name\":\"Dubai Airport Freezone Authority\",\"url\":\"https:\/\/www.dafz.ae\/ar\/\",\"logo\":{\"@type\":\"ImageObject\",\"inLanguage\":\"de\",\"@id\":\"https:\/\/www.dafz.ae\/ar\/#\/schema\/logo\/image\/\",\"url\":\"\/wp-content\/uploads\/2019\/04\/dafza-logo-svg-1.svg\",\"contentUrl\":\"\/wp-content\/uploads\/2019\/04\/dafza-logo-svg-1.svg\",\"width\":\"1024\",\"height\":\"1024\",\"caption\":\"Dubai Airport Freezone Authority\"},\"image\":{\"@id\":\"https:\/\/www.dafz.ae\/ar\/#\/schema\/logo\/image\/\"},\"sameAs\":[\"https:\/\/www.facebook.com\/DAFZAOfficial\/\",\"https:\/\/twitter.com\/DAFZAOfficial\",\"https:\/\/www.instagram.com\/dafzofficial\/\"]}]}<\/script>\n<!-- \/ Yoast SEO plugin. -->","yoast_head_json":{"title":"Business Setup in Dubai Tax-Free Zone, Company Setup in Dubai, UAE - DAFZ","description":"Company formation in UAE - Experience a seamless, quick and easy business set up solution with DAFZ, with unique benefits in market access, tax exemptions, and world-class facilities. Register with us today","robots":{"index":"index","follow":"follow","max-snippet":"max-snippet:-1","max-image-preview":"max-image-preview:large","max-video-preview":"max-video-preview:-1"},"canonical":"https:\/\/www.dafz.ae\/de\/business-setup","og_locale":"de_DE","og_type":"article","og_title":"Business Setup in Dubai Tax-Free Zone, Company Setup in Dubai, UAE - DAFZ","og_description":"Company formation in UAE - Experience a seamless, quick and easy business set up solution with DAFZ, with unique benefits in market access, tax exemptions, and world-class facilities. Register with us today","og_url":"https:\/\/www.dafz.ae\/de\/business-setup","og_site_name":"Free Zones in Dubai, Dubai Airport Freezone, UAE Tax Free Zone | DAFZ","article_publisher":"https:\/\/www.facebook.com\/DAFZAOfficial\/","article_modified_time":"2024-03-04T14:26:24+00:00","twitter_card":"summary_large_image","twitter_site":"@DAFZAOfficial","twitter_misc":{"Gesch\u00e4tzte Lesezeit":"2\u00a0Minuten"},"schema":{"@context":"https:\/\/schema.org","@graph":[{"@type":"WebPage","@id":"https:\/\/www.dafz.ae\/de\/business-setup","url":"https:\/\/www.dafz.ae\/de\/business-setup","name":"Business Setup in Dubai Tax-Free Zone, Company Setup in Dubai, UAE - DAFZ","isPartOf":{"@id":"https:\/\/www.dafz.ae\/ar\/#website"},"datePublished":"2019-12-09T08:43:45+00:00","dateModified":"2024-03-04T14:26:24+00:00","description":"Company formation in UAE - Experience a seamless, quick and easy business set up solution with DAFZ, with unique benefits in market access, tax exemptions, and world-class facilities. Register with us today","breadcrumb":{"@id":"https:\/\/www.dafz.ae\/de\/business-setup#breadcrumb"},"inLanguage":"de","potentialAction":[{"@type":"ReadAction","target":["https:\/\/www.dafz.ae\/de\/business-setup"]}]},{"@type":"BreadcrumbList","@id":"https:\/\/www.dafz.ae\/de\/business-setup#breadcrumb","itemListElement":[{"@type":"ListItem","position":1,"name":"Home","item":"https:\/\/www.dafz.ae\/en"},{"@type":"ListItem","position":2,"name":"Business Setup"}]},{"@type":"WebSite","@id":"https:\/\/www.dafz.ae\/ar\/#website","url":"https:\/\/www.dafz.ae\/ar\/","name":"Free Zones in Dubai, Dubai Airport Freezone, UAE Tax Free Zone | DAFZ","description":"Dubai Airport Free Zone","publisher":{"@id":"https:\/\/www.dafz.ae\/ar\/#organization"},"potentialAction":[{"@type":"SearchAction","target":{"@type":"EntryPoint","urlTemplate":"https:\/\/www.dafz.ae\/ar\/?s={search_term_string}"},"query-input":"required name=search_term_string"}],"inLanguage":"de"},{"@type":"Organization","@id":"https:\/\/www.dafz.ae\/ar\/#organization","name":"Dubai Airport Freezone Authority","url":"https:\/\/www.dafz.ae\/ar\/","logo":{"@type":"ImageObject","inLanguage":"de","@id":"https:\/\/www.dafz.ae\/ar\/#\/schema\/logo\/image\/","url":"\/wp-content\/uploads\/2019\/04\/dafza-logo-svg-1.svg","contentUrl":"\/wp-content\/uploads\/2019\/04\/dafza-logo-svg-1.svg","width":"1024","height":"1024","caption":"Dubai Airport Freezone Authority"},"image":{"@id":"https:\/\/www.dafz.ae\/ar\/#\/schema\/logo\/image\/"},"sameAs":["https:\/\/www.facebook.com\/DAFZAOfficial\/","https:\/\/twitter.com\/DAFZAOfficial","https:\/\/www.instagram.com\/dafzofficial\/"]}]}},"_links":{"self":[{"href":"https:\/\/www.dafz.ae\/de\/wp-json\/wp\/v2\/pages\/19893"}],"collection":[{"href":"https:\/\/www.dafz.ae\/de\/wp-json\/wp\/v2\/pages"}],"about":[{"href":"https:\/\/www.dafz.ae\/de\/wp-json\/wp\/v2\/types\/page"}],"author":[{"embeddable":true,"href":"https:\/\/www.dafz.ae\/de\/wp-json\/wp\/v2\/users\/17"}],"replies":[{"embeddable":true,"href":"https:\/\/www.dafz.ae\/de\/wp-json\/wp\/v2\/comments?post=19893"}],"version-history":[{"count":7,"href":"https:\/\/www.dafz.ae\/de\/wp-json\/wp\/v2\/pages\/19893\/revisions"}],"predecessor-version":[{"id":31170,"href":"https:\/\/www.dafz.ae\/de\/wp-json\/wp\/v2\/pages\/19893\/revisions\/31170"}],"wp:attachment":[{"href":"https:\/\/www.dafz.ae\/de\/wp-json\/wp\/v2\/media?parent=19893"}],"curies":[{"name":"wp","href":"https:\/\/api.w.org\/{rel}","templated":true}]}}